{"id":34,"date":"2013-03-31T04:41:05","date_gmt":"2013-03-31T03:41:05","guid":{"rendered":"http:\/\/www.lescribe.ca\/?page_id=34"},"modified":"2014-03-05T15:45:10","modified_gmt":"2014-03-05T14:45:10","slug":"avantages","status":"publish","type":"page","link":"https:\/\/www.lescribe.ca\/?page_id=34","title":{"rendered":"Avantages"},"content":{"rendered":"<p dir=\"ltr\"><span style=\"color: #000000; font-family: verdana, geneva; font-size: 16px;\"><span style=\"text-decoration: underline;\">\u00c0 ceux qui r\u00eavent d\u2019\u00e9crire<\/span>,\u00a0j\u2019apporte un soutien d\u2019exp\u00e9rience ayant \u00e9crit six romans. Je vous aide \u00e0 donner corps \u00e0 votre r\u00eave de livre; passer outre la peur de la page blanche, d\u00e9finir votre lecteur et le contexte, \u00e9laborer une ossature, organiser les id\u00e9es, passer de l\u2019id\u00e9e \u00e0 l\u2019\u00e9crit, approfondir et structurer votre propos.\u00a0L\u2019accompagnement vous\u00a0fera prendre confiance en vos capacit\u00e9s d\u2019\u00e9crivain.<\/span><\/p>\n<p dir=\"ltr\"><span style=\"color: #000000; font-family: verdana, geneva; font-size: 16px;\"><span style=\"text-decoration: underline;\">Aux conf\u00e9renciers<\/span>, je vous aide pour \u00e9crire vos discours et aussi \u00e0 les transformer en \u00e9crits.\u00a0<span style=\"text-decoration: underline;\">Aux communicateurs<\/span>, j\u2019allie les \u00e9tudes litt\u00e9raires et l\u2019exp\u00e9rience pour adapter le contenu et respecter le style de vos \u00e9crits.<\/span><\/p>\n<p dir=\"ltr\"><span style=\"color: #000000; font-family: verdana, geneva; font-size: 16px;\"><span style=\"text-decoration: underline;\">Aux \u00e9crivains, aux \u00e9diteurs de livres et de p\u00e9riodiques<\/span>; je fais la fine r\u00e9vision linguistique avec la capacit\u00e9 d\u2019un \u00e9crivain et l\u2019\u0153il d\u2019un lecteur dans le respect du style; expertise dans le domaine de l\u2019\u00e9criture.<\/span><\/p>\n<p dir=\"ltr\"><span style=\"color: #000000; font-family: verdana, geneva; font-size: 16px;\"><span style=\"text-decoration: underline;\">Aux imprimeurs<\/span>; je fais une r\u00e9vision linguistique impeccable. Cela permet d\u2019offrir un service suppl\u00e9mentaire de r\u00e9vision \u00e0 vos clients, lesquels paient; pour se d\u00e9marquer des autres imprimeurs.<\/span><\/p>\n<p dir=\"ltr\"><span style=\"color: #000000; font-family: verdana, geneva; font-size: 16px;\"><span style=\"text-decoration: underline;\">Aux bureaux de traduction<\/span>; en plus du travail de r\u00e9vision linguistique et de correction d\u2019\u00e9preuves, je vous rends un texte comme s\u2019il avait \u00e9t\u00e9 \u00e9crit en fran\u00e7ais d\u00e8s le d\u00e9part; j\u2019assure aussi la concordance entre les versions en anglais et en fran\u00e7ais.<\/span><\/p>\n<p dir=\"ltr\"><span style=\"color: #000000; font-family: verdana, geneva; font-size: 16px;\"><span style=\"text-decoration: underline;\">Aux agences de communication, aux agences de marketing et publicit\u00e9<\/span>; r\u00e9daction dirig\u00e9e et r\u00e9vision; avec ma connaissance approfondie de la langue, je sais adapter les styles aux cibles \u00e0 atteindre.<\/span><\/p>\n<div dir=\"ltr\"><span style=\"color: #000000; font-family: verdana, geneva; font-size: 16px;\"><span style=\"text-decoration: underline;\">Aux gestionnaires<\/span>, qui passent le plus clair de leur temps \u00e0 communiquer, qui doivent se trouver en correspondance avec l\u2019image de l\u2019entreprise, j&rsquo;apporte un soutien\u00a0d&rsquo;exp\u00e9rience en r\u00e9daction afin d&rsquo;\u00e9crire des textes\u00a0clairs, coh\u00e9rents, convaincants, exhaustifs, logiques, pertinents, progressifs, s\u00e9duisants, structur\u00e9s, vrais.<\/span><\/div>\n<p dir=\"ltr\"><span style=\"color: #000000; font-family: verdana, geneva; font-size: 16px;\"><span style=\"text-decoration: underline;\">Aux entreprises<\/span>\u00a0pour lesquelles c\u2019est la loi de communiquer en fran\u00e7ais, j\u2019offre de courtes formations personnalis\u00e9es et des ateliers sur l\u2019\u00e9criture afin de mieux communiquer et utiliser les outils pour ce faire; pour \u00e9viter erreurs, confusions, \u00e9quivoques, malentendus co\u00fbteux en communication \u00e9crite avec les clients et les fournisseurs.<\/span><\/p>\n<p dir=\"ltr\"><span style=\"color: #000000; font-family: verdana, geneva; font-size: 16px;\"><span style=\"text-decoration: underline;\">Aux avocats, aux notaires<\/span>; je fais une r\u00e9vision linguistique impeccable permettant d\u2019\u00e9viter tout quiproquo, tout sujet \u00e0 interpr\u00e9tation, et ce, afin de parer \u00e0 d\u2019\u00e9ventuels conflits; bonne connaissance du lexique.<\/span><\/p>\n<div dir=\"ltr\"><span style=\"color: #000000; font-family: verdana, geneva; font-size: 16px;\"><span style=\"text-decoration: underline;\">Aux \u00e9tudiants et professeurs \u00e0 l\u2019universit\u00e9<\/span>, je peux vous aider \u00e0 structurer et consolider le contenu de vos notes de cours, m\u00e9moire, th\u00e8se&#8230; La fine r\u00e9vision du texte vous le rendra impeccable quant \u00e0 la forme et l&rsquo;apparence.<\/span><\/div>\n<p dir=\"ltr\"><span style=\"color: #000000; font-family: verdana, geneva; font-size: 16px;\"><span style=\"text-decoration: underline;\">Aux \u00e9tudiants<\/span>, j\u2019apporte un soutien d\u2019exp\u00e9rience pour \u00e9laborer un plan du travail \u00e0 r\u00e9aliser, faire des recherches, renforcer la bibliographie&#8230; L\u2019accompagnement vous aidera \u00e0 mieux respecter les exigences et \u00e0 mieux vous faire confiance quant \u00e0 vos aptitudes.<\/span><\/p>\n<p dir=\"ltr\"><span style=\"color: #000000; font-family: verdana, geneva; font-size: 16px;\"><span style=\"text-decoration: underline;\">Aux \u00e9tudiants en cr\u00e9ation litt\u00e9raire ou en \u00e9tudes litt\u00e9raires<\/span>, j\u2019apporte un soutien d\u2019exp\u00e9rience pour cr\u00e9er votre roman, nouvelle, essai, sc\u00e9nario&#8230; J\u2019am\u00e8ne ma sensibilit\u00e9 par rapport \u00e0 la mati\u00e8re m\u00eame ayant fait des \u00e9tudes litt\u00e9raires et \u00e0 l\u2019\u00e9criture puisque j\u2019ai \u00e9crit six romans.<\/span><\/p>\n<p dir=\"ltr\"><span style=\"color: #000000; font-family: verdana, geneva; font-size: 16px;\"><span style=\"text-decoration: underline;\">\u00c0 ceux qui ont choisi d\u2019apprendre la langue fran\u00e7aise<\/span>, je vous aide \u00e0 l\u2019utiliser pour mieux communiquer tant \u00e0 l\u2019oral qu\u2019\u00e0 l\u2019\u00e9crit.<\/span><\/p>\n<p dir=\"ltr\"><span style=\"color: #000000; font-family: verdana, geneva; font-size: 16px;\"><span style=\"text-decoration: underline;\">Aux associations professionnelles, aux ordres professionnels, aux chambres de commerce ethnoculturelles, aux r\u00e9seaux fran\u00e7ais<\/span>; je vous apporte un soutien linguistique pour \u00e9tayer les services aux membres\u00a0: coaching, ateliers d\u2019\u00e9criture&#8230;<\/span><\/p>\n<a class=\"synved-social-button synved-social-button-share synved-social-size-32 synved-social-resolution-single synved-social-provider-facebook nolightbox\" data-provider=\"facebook\" target=\"_blank\" rel=\"nofollow\" title=\"Share on Facebook\" href=\"https:\/\/www.facebook.com\/sharer.php?u=https%3A%2F%2Fwww.lescribe.ca%2Findex.php%3Frest_route%3D%252Fwp%252Fv2%252Fpages%252F34&#038;t=Avantages&#038;s=100&#038;p&#091;url&#093;=https%3A%2F%2Fwww.lescribe.ca%2Findex.php%3Frest_route%3D%252Fwp%252Fv2%252Fpages%252F34&#038;p&#091;images&#093;&#091;0&#093;=&#038;p&#091;title&#093;=Avantages\" style=\"font-size: 0px;width:32px;height:32px;margin:0;margin-bottom:5px;margin-right:5px\"><img alt=\"Facebook\" title=\"Share on Facebook\" class=\"synved-share-image synved-social-image synved-social-image-share\" width=\"32\" height=\"32\" style=\"display: inline;width:32px;height:32px;margin: 0;padding: 0;border: none\" src=\"https:\/\/www.lescribe.ca\/wp-content\/plugins\/social-media-feather\/synved-social\/image\/social\/regular\/64x64\/facebook.png\" \/><\/a><a class=\"synved-social-button synved-social-button-share synved-social-size-32 synved-social-resolution-single synved-social-provider-twitter nolightbox\" data-provider=\"twitter\" target=\"_blank\" rel=\"nofollow\" title=\"Share on Twitter\" href=\"https:\/\/twitter.com\/intent\/tweet?url=https%3A%2F%2Fwww.lescribe.ca%2Findex.php%3Frest_route%3D%252Fwp%252Fv2%252Fpages%252F34&#038;text=Partager\" style=\"font-size: 0px;width:32px;height:32px;margin:0;margin-bottom:5px;margin-right:5px\"><img alt=\"twitter\" title=\"Share on Twitter\" class=\"synved-share-image synved-social-image synved-social-image-share\" width=\"32\" height=\"32\" style=\"display: inline;width:32px;height:32px;margin: 0;padding: 0;border: none\" src=\"https:\/\/www.lescribe.ca\/wp-content\/plugins\/social-media-feather\/synved-social\/image\/social\/regular\/64x64\/twitter.png\" \/><\/a><a class=\"synved-social-button synved-social-button-share synved-social-size-32 synved-social-resolution-single synved-social-provider-reddit nolightbox\" data-provider=\"reddit\" target=\"_blank\" rel=\"nofollow\" title=\"Share on Reddit\" href=\"https:\/\/www.reddit.com\/submit?url=https%3A%2F%2Fwww.lescribe.ca%2Findex.php%3Frest_route%3D%252Fwp%252Fv2%252Fpages%252F34&#038;title=Avantages\" style=\"font-size: 0px;width:32px;height:32px;margin:0;margin-bottom:5px;margin-right:5px\"><img alt=\"reddit\" title=\"Share on Reddit\" class=\"synved-share-image synved-social-image synved-social-image-share\" width=\"32\" height=\"32\" style=\"display: inline;width:32px;height:32px;margin: 0;padding: 0;border: none\" src=\"https:\/\/www.lescribe.ca\/wp-content\/plugins\/social-media-feather\/synved-social\/image\/social\/regular\/64x64\/reddit.png\" \/><\/a><a class=\"synved-social-button synved-social-button-share synved-social-size-32 synved-social-resolution-single synved-social-provider-pinterest nolightbox\" data-provider=\"pinterest\" target=\"_blank\" rel=\"nofollow\" title=\"Pin it with Pinterest\" href=\"https:\/\/pinterest.com\/pin\/create\/button\/?url=https%3A%2F%2Fwww.lescribe.ca%2Findex.php%3Frest_route%3D%252Fwp%252Fv2%252Fpages%252F34&#038;media=&#038;description=Avantages\" style=\"font-size: 0px;width:32px;height:32px;margin:0;margin-bottom:5px;margin-right:5px\"><img alt=\"pinterest\" title=\"Pin it with Pinterest\" class=\"synved-share-image synved-social-image synved-social-image-share\" width=\"32\" height=\"32\" style=\"display: inline;width:32px;height:32px;margin: 0;padding: 0;border: none\" src=\"https:\/\/www.lescribe.ca\/wp-content\/plugins\/social-media-feather\/synved-social\/image\/social\/regular\/64x64\/pinterest.png\" \/><\/a><a class=\"synved-social-button synved-social-button-share synved-social-size-32 synved-social-resolution-single synved-social-provider-linkedin nolightbox\" data-provider=\"linkedin\" target=\"_blank\" rel=\"nofollow\" title=\"Share on Linkedin\" href=\"https:\/\/www.linkedin.com\/shareArticle?mini=true&#038;url=https%3A%2F%2Fwww.lescribe.ca%2Findex.php%3Frest_route%3D%252Fwp%252Fv2%252Fpages%252F34&#038;title=Avantages\" style=\"font-size: 0px;width:32px;height:32px;margin:0;margin-bottom:5px;margin-right:5px\"><img alt=\"linkedin\" title=\"Share on Linkedin\" class=\"synved-share-image synved-social-image synved-social-image-share\" width=\"32\" height=\"32\" style=\"display: inline;width:32px;height:32px;margin: 0;padding: 0;border: none\" src=\"https:\/\/www.lescribe.ca\/wp-content\/plugins\/social-media-feather\/synved-social\/image\/social\/regular\/64x64\/linkedin.png\" \/><\/a><a class=\"synved-social-button synved-social-button-share synved-social-size-32 synved-social-resolution-single synved-social-provider-mail nolightbox\" data-provider=\"mail\" rel=\"nofollow\" title=\"Share by email\" href=\"mailto:?subject=Avantages&#038;body=Partager:%20https%3A%2F%2Fwww.lescribe.ca%2Findex.php%3Frest_route%3D%252Fwp%252Fv2%252Fpages%252F34\" style=\"font-size: 0px;width:32px;height:32px;margin:0;margin-bottom:5px\"><img alt=\"mail\" title=\"Share by email\" class=\"synved-share-image synved-social-image synved-social-image-share\" width=\"32\" height=\"32\" style=\"display: inline;width:32px;height:32px;margin: 0;padding: 0;border: none\" src=\"https:\/\/www.lescribe.ca\/wp-content\/plugins\/social-media-feather\/synved-social\/image\/social\/regular\/64x64\/mail.png\" \/><\/a>","protected":false},"excerpt":{"rendered":"<p>\u00c0 ceux qui r\u00eavent d\u2019\u00e9crire,\u00a0j\u2019apporte un soutien d\u2019exp\u00e9rience ayant \u00e9crit six romans. Je vous aide \u00e0 donner corps \u00e0 votre r\u00eave de livre; passer outre la peur de la page blanche, d\u00e9finir votre lecteur et le contexte, \u00e9laborer une ossature, organiser les id\u00e9es, passer de l\u2019id\u00e9e \u00e0 l\u2019\u00e9crit, approfondir et structurer votre propos.\u00a0L\u2019accompagnement vous\u00a0fera prendre [&hellip;]<\/p>\n","protected":false},"author":1,"featured_media":0,"parent":0,"menu_order":2,"comment_status":"open","ping_status":"open","template":"","meta":[],"_links":{"self":[{"href":"https:\/\/www.lescribe.ca\/index.php?rest_route=\/wp\/v2\/pages\/34"}],"collection":[{"href":"https:\/\/www.lescribe.ca\/index.php?rest_route=\/wp\/v2\/pages"}],"about":[{"href":"https:\/\/www.lescribe.ca\/index.php?rest_route=\/wp\/v2\/types\/page"}],"author":[{"embeddable":true,"href":"https:\/\/www.lescribe.ca\/index.php?rest_route=\/wp\/v2\/users\/1"}],"replies":[{"embeddable":true,"href":"https:\/\/www.lescribe.ca\/index.php?rest_route=%2Fwp%2Fv2%2Fcomments&post=34"}],"version-history":[{"count":6,"href":"https:\/\/www.lescribe.ca\/index.php?rest_route=\/wp\/v2\/pages\/34\/revisions"}],"predecessor-version":[{"id":272,"href":"https:\/\/www.lescribe.ca\/index.php?rest_route=\/wp\/v2\/pages\/34\/revisions\/272"}],"wp:attachment":[{"href":"https:\/\/www.lescribe.ca\/index.php?rest_route=%2Fwp%2Fv2%2Fmedia&parent=34"}],"curies":[{"name":"wp","href":"https:\/\/api.w.org\/{rel}","templated":true}]}}