{"id":32,"date":"2013-03-31T04:40:24","date_gmt":"2013-03-31T03:40:24","guid":{"rendered":"http:\/\/www.lescribe.ca\/?page_id=32"},"modified":"2018-07-13T21:39:39","modified_gmt":"2018-07-13T20:39:39","slug":"activites","status":"publish","type":"page","link":"https:\/\/www.lescribe.ca\/?page_id=32","title":{"rendered":"Activit\u00e9s"},"content":{"rendered":"<p><b style=\"font-family: verdana, geneva; font-size: 16px;\">_ R\u00e9vision<\/b><\/p>\n<p><span style=\"font-size: 16px; font-family: verdana, geneva;\">Je fais \u00e0\u00a0la demande la fine mise au point de textes afin de les rendre clairs au tarif de 20 $ l&rsquo;heure.<\/span><\/p>\n<p><span style=\"font-family: verdana, geneva; font-size: 16px;\"><strong>_ Atelier du samedi\u00a0de r<\/strong><strong>\u00e9daction en tout genre<\/strong><\/span><\/p>\n<p><span style=\"font-family: verdana, geneva; font-size: 16px;\">Venez lorsque vous souhaitez avoir de l\u2019aide pour r\u00e9diger un texte\u00a0(curriculum vit\u00e6, <\/span><span style=\"font-family: verdana, geneva; font-size: 16px;\">lettre de<\/span><span style=\"font-family: verdana, geneva; font-size: 16px;\"> pr\u00e9sentation, site internet ou tout autre texte). Atelier ouvert \u00e0 tous, un maximum de trois personnes \u00e0 la fois, de 10 h \u00e0 12 h 30 au cout de 15 $ l\u2019heure<\/span><span style=\"color: #000000; font-family: verdana, geneva; font-size: 16px;\">, avec r\u00e9vision \u00e0 distance au m\u00eame tarif.\u00a0<\/span><\/p>\n<p><span style=\"font-family: verdana, geneva; font-size: 16px;\"><b>_ Mieux communiquer par courriel, a<\/b><\/span><b style=\"font-family: verdana, geneva; font-size: 16px;\">telier\u00a0<\/b><\/p>\n<p><span style=\"font-family: verdana, geneva; font-size: 16px;\">Comment utiliser les mots pour accroitre l\u2019efficacit\u00e9 de\u00a0ses courriels \u00e9vitant ainsi erreurs, confusions, \u00e9quivoques, malentendus couteux. En groupe de quatre, aux heures qui conviennent et \u00e0 votre entreprise, atelier\u00a0de deux heures et demie au cout de 30 $ par personne.\u00a0<span style=\"color: #000000;\">Vous \u00eates pri\u00e9 d\u2019apporter des exemples de courriels.<\/span><\/span><\/p>\n<p><span style=\"font-family: verdana, geneva; font-size: 16px;\"><b>_ Apr\u00e8s la page blanche\u2026\u00a0<\/b><\/span><b style=\"font-family: verdana, geneva; font-size: 16px;\">Soutien en cr\u00e9ation litt\u00e9raire\u00a0<\/b><\/p>\n<p><span style=\"font-family: verdana, geneva; font-size: 16px;\">Prendre confiance en ses capacit\u00e9s d\u2019\u00e9crire avec la guidance d\u2019un \u00e9crivain d\u2019exp\u00e9rience. Prendre le temps de pr\u00e9ciser\u00a0son r\u00eave, \u00e9laborer une ossature, passer de l\u2019id\u00e9e \u00e0 l\u2019\u00e9crit, tisser\u00a0le texte, le clarifier. <span style=\"color: #000000;\">Rencontres du lundi au samedi selon vos disponibilit\u00e9s au cout de 20\u00a0$ l\u2019heure, avec r\u00e9vision \u00e0 distance au m\u00eame tarif.\u00a0<\/span><\/span><\/p>\n<p><span style=\"font-family: verdana, geneva; font-size: 16px;\"><b>_ Conseils \u00e0 l\u2019entrepreneur pour e<\/b><b>nrichir\u00a0sa communication \u00e9crite<\/b><\/span><\/p>\n<p><span style=\"font-family: verdana, geneva; font-size: 16px;\">Comment utiliser les mots pour accroitre l\u2019efficacit\u00e9 de\u00a0ses \u00e9crits. Je vous aide \u00e0 augmenter l\u2019impact de vos mod\u00e8les. Consultation du lundi au vendredi selon vos disponibilit\u00e9s au cout de 20\u00a0$ l\u2019heure, avec r\u00e9vision \u00e0 distance au m\u00eame tarif.\u00a0<span style=\"color: #000000;\">Vous \u00eates pri\u00e9 d\u2019apporter des exemples de d\u00e9pliants promotionnels, courriels ou autres \u00e9crits utilis\u00e9s par votre entreprise.<\/span><\/span><\/p>\n<p><span style=\"font-size: 16px; font-family: verdana, geneva;\">S&rsquo;inscrire aux activit\u00e9s en communiquant avec\u00a0<a href=\"mailto:lescribe@videotron.ca\">lescribe@videotron.ca<\/a>.<\/span><\/p>\n<p><span style=\"font-size: 16px; font-family: verdana, geneva;\">L\u2019entreprise est situ\u00e9e pr\u00e8s du m\u00e9tro Snowdon \u00e0 Montr\u00e9al.<\/span><\/p>\n<a class=\"synved-social-button synved-social-button-share synved-social-size-32 synved-social-resolution-single synved-social-provider-facebook nolightbox\" data-provider=\"facebook\" target=\"_blank\" rel=\"nofollow\" title=\"Share on Facebook\" href=\"https:\/\/www.facebook.com\/sharer.php?u=https%3A%2F%2Fwww.lescribe.ca%2Findex.php%3Frest_route%3D%252Fwp%252Fv2%252Fpages%252F32&#038;t=Activit%C3%A9s&#038;s=100&#038;p&#091;url&#093;=https%3A%2F%2Fwww.lescribe.ca%2Findex.php%3Frest_route%3D%252Fwp%252Fv2%252Fpages%252F32&#038;p&#091;images&#093;&#091;0&#093;=&#038;p&#091;title&#093;=Activit%C3%A9s\" style=\"font-size: 0px;width:32px;height:32px;margin:0;margin-bottom:5px;margin-right:5px\"><img alt=\"Facebook\" title=\"Share on Facebook\" class=\"synved-share-image synved-social-image synved-social-image-share\" width=\"32\" height=\"32\" style=\"display: inline;width:32px;height:32px;margin: 0;padding: 0;border: none\" src=\"https:\/\/www.lescribe.ca\/wp-content\/plugins\/social-media-feather\/synved-social\/image\/social\/regular\/64x64\/facebook.png\" \/><\/a><a class=\"synved-social-button synved-social-button-share synved-social-size-32 synved-social-resolution-single synved-social-provider-twitter nolightbox\" data-provider=\"twitter\" target=\"_blank\" rel=\"nofollow\" title=\"Share on Twitter\" href=\"https:\/\/twitter.com\/intent\/tweet?url=https%3A%2F%2Fwww.lescribe.ca%2Findex.php%3Frest_route%3D%252Fwp%252Fv2%252Fpages%252F32&#038;text=Partager\" style=\"font-size: 0px;width:32px;height:32px;margin:0;margin-bottom:5px;margin-right:5px\"><img alt=\"twitter\" title=\"Share on Twitter\" class=\"synved-share-image synved-social-image synved-social-image-share\" width=\"32\" height=\"32\" style=\"display: inline;width:32px;height:32px;margin: 0;padding: 0;border: none\" src=\"https:\/\/www.lescribe.ca\/wp-content\/plugins\/social-media-feather\/synved-social\/image\/social\/regular\/64x64\/twitter.png\" \/><\/a><a class=\"synved-social-button synved-social-button-share synved-social-size-32 synved-social-resolution-single synved-social-provider-reddit nolightbox\" data-provider=\"reddit\" target=\"_blank\" rel=\"nofollow\" title=\"Share on Reddit\" href=\"https:\/\/www.reddit.com\/submit?url=https%3A%2F%2Fwww.lescribe.ca%2Findex.php%3Frest_route%3D%252Fwp%252Fv2%252Fpages%252F32&#038;title=Activit%C3%A9s\" style=\"font-size: 0px;width:32px;height:32px;margin:0;margin-bottom:5px;margin-right:5px\"><img alt=\"reddit\" title=\"Share on Reddit\" class=\"synved-share-image synved-social-image synved-social-image-share\" width=\"32\" height=\"32\" style=\"display: inline;width:32px;height:32px;margin: 0;padding: 0;border: none\" src=\"https:\/\/www.lescribe.ca\/wp-content\/plugins\/social-media-feather\/synved-social\/image\/social\/regular\/64x64\/reddit.png\" \/><\/a><a class=\"synved-social-button synved-social-button-share synved-social-size-32 synved-social-resolution-single synved-social-provider-pinterest nolightbox\" data-provider=\"pinterest\" target=\"_blank\" rel=\"nofollow\" title=\"Pin it with Pinterest\" href=\"https:\/\/pinterest.com\/pin\/create\/button\/?url=https%3A%2F%2Fwww.lescribe.ca%2Findex.php%3Frest_route%3D%252Fwp%252Fv2%252Fpages%252F32&#038;media=&#038;description=Activit%C3%A9s\" style=\"font-size: 0px;width:32px;height:32px;margin:0;margin-bottom:5px;margin-right:5px\"><img alt=\"pinterest\" title=\"Pin it with Pinterest\" class=\"synved-share-image synved-social-image synved-social-image-share\" width=\"32\" height=\"32\" style=\"display: inline;width:32px;height:32px;margin: 0;padding: 0;border: none\" src=\"https:\/\/www.lescribe.ca\/wp-content\/plugins\/social-media-feather\/synved-social\/image\/social\/regular\/64x64\/pinterest.png\" \/><\/a><a class=\"synved-social-button synved-social-button-share synved-social-size-32 synved-social-resolution-single synved-social-provider-linkedin nolightbox\" data-provider=\"linkedin\" target=\"_blank\" rel=\"nofollow\" title=\"Share on Linkedin\" href=\"https:\/\/www.linkedin.com\/shareArticle?mini=true&#038;url=https%3A%2F%2Fwww.lescribe.ca%2Findex.php%3Frest_route%3D%252Fwp%252Fv2%252Fpages%252F32&#038;title=Activit%C3%A9s\" style=\"font-size: 0px;width:32px;height:32px;margin:0;margin-bottom:5px;margin-right:5px\"><img alt=\"linkedin\" title=\"Share on Linkedin\" class=\"synved-share-image synved-social-image synved-social-image-share\" width=\"32\" height=\"32\" style=\"display: inline;width:32px;height:32px;margin: 0;padding: 0;border: none\" src=\"https:\/\/www.lescribe.ca\/wp-content\/plugins\/social-media-feather\/synved-social\/image\/social\/regular\/64x64\/linkedin.png\" \/><\/a><a class=\"synved-social-button synved-social-button-share synved-social-size-32 synved-social-resolution-single synved-social-provider-mail nolightbox\" data-provider=\"mail\" rel=\"nofollow\" title=\"Share by email\" href=\"mailto:?subject=Activit%C3%A9s&#038;body=Partager:%20https%3A%2F%2Fwww.lescribe.ca%2Findex.php%3Frest_route%3D%252Fwp%252Fv2%252Fpages%252F32\" style=\"font-size: 0px;width:32px;height:32px;margin:0;margin-bottom:5px\"><img alt=\"mail\" title=\"Share by email\" class=\"synved-share-image synved-social-image synved-social-image-share\" width=\"32\" height=\"32\" style=\"display: inline;width:32px;height:32px;margin: 0;padding: 0;border: none\" src=\"https:\/\/www.lescribe.ca\/wp-content\/plugins\/social-media-feather\/synved-social\/image\/social\/regular\/64x64\/mail.png\" \/><\/a>","protected":false},"excerpt":{"rendered":"<p>_ R\u00e9vision Je fais \u00e0\u00a0la demande la fine mise au point de textes afin de les rendre clairs au tarif de 20 $ l&rsquo;heure. _ Atelier du samedi\u00a0de r\u00e9daction en tout genre Venez lorsque vous souhaitez avoir de l\u2019aide pour r\u00e9diger un texte\u00a0(curriculum vit\u00e6, lettre de pr\u00e9sentation, site internet ou tout autre texte). Atelier ouvert [&hellip;]<\/p>\n","protected":false},"author":1,"featured_media":0,"parent":0,"menu_order":4,"comment_status":"open","ping_status":"open","template":"","meta":[],"_links":{"self":[{"href":"https:\/\/www.lescribe.ca\/index.php?rest_route=\/wp\/v2\/pages\/32"}],"collection":[{"href":"https:\/\/www.lescribe.ca\/index.php?rest_route=\/wp\/v2\/pages"}],"about":[{"href":"https:\/\/www.lescribe.ca\/index.php?rest_route=\/wp\/v2\/types\/page"}],"author":[{"embeddable":true,"href":"https:\/\/www.lescribe.ca\/index.php?rest_route=\/wp\/v2\/users\/1"}],"replies":[{"embeddable":true,"href":"https:\/\/www.lescribe.ca\/index.php?rest_route=%2Fwp%2Fv2%2Fcomments&post=32"}],"version-history":[{"count":19,"href":"https:\/\/www.lescribe.ca\/index.php?rest_route=\/wp\/v2\/pages\/32\/revisions"}],"predecessor-version":[{"id":322,"href":"https:\/\/www.lescribe.ca\/index.php?rest_route=\/wp\/v2\/pages\/32\/revisions\/322"}],"wp:attachment":[{"href":"https:\/\/www.lescribe.ca\/index.php?rest_route=%2Fwp%2Fv2%2Fmedia&parent=32"}],"curies":[{"name":"wp","href":"https:\/\/api.w.org\/{rel}","templated":true}]}}